{"id":30,"date":"2015-05-23T21:40:30","date_gmt":"2015-05-23T21:40:30","guid":{"rendered":"http:\/\/www.oneball.nl\/?page_id=30"},"modified":"2025-07-06T12:04:39","modified_gmt":"2025-07-06T12:04:39","slug":"reglementen","status":"publish","type":"page","link":"https:\/\/www.oneball.nl\/de\/reglementen\/","title":{"rendered":"regeln 2020"},"content":{"rendered":"<p><strong>Teilnahmeberechtigung: <\/strong><br \/>Einladungsturnier: Startberechtigt ist jedermann.<\/p>\n<p><strong>Startorte:<\/strong><br \/>Bowling Br\u00fcssel, Belgien vom 4. &#8211; 12. April 2020<br \/>Bowling Den Bosch, Niederlande vom 3. &#8211; 10. Mai 2020<br \/>Bowling Haarlemmerliede, Niederlande vom 28. Juni 2020<\/p>\n<p><strong>Modus:<\/strong><br \/>Alle Teilnehmer spielen 2 Starts \u00e0 3 Spiele europ\u00e4isch (6 Spiele insgesamt). Der Bahnwechsel erfolgt nach jedem Spiel.<\/p>\n<p><strong>HDC:<\/strong><\/p>\n<table style=\"width: 327px;\">\n<tbody>\n<tr>\n<td style=\"width: 192px;\">nach Ranglistenschnitt<\/td>\n<td style=\"width: 155px;\">HDC pro Spiel<\/td>\n<\/tr>\n<tr>\n<td style=\"width: 192px;\">ab 200<\/td>\n<td style=\"width: 155px;\">0<\/td>\n<\/tr>\n<tr>\n<td style=\"width: 192px;\">von 190-199.99<\/td>\n<td style=\"width: 155px;\">5<\/td>\n<\/tr>\n<tr>\n<td style=\"width: 192px;\">von 180-189.99<\/td>\n<td style=\"width: 155px;\">10<\/td>\n<\/tr>\n<tr>\n<td style=\"width: 192px;\">von 170-179.99<\/td>\n<td style=\"width: 155px;\">15<\/td>\n<\/tr>\n<tr>\n<td style=\"width: 192px;\">von 160-169,99<\/td>\n<td style=\"width: 155px;\">20<\/td>\n<\/tr>\n<tr>\n<td style=\"width: 192px;\">bis 159,99<\/td>\n<td style=\"width: 155px;\">25<\/td>\n<\/tr>\n<\/tbody>\n<\/table>\n<p><strong>Anmeldung:<\/strong><br \/>Anmeldungen sind online durchzuf\u00fchren unter: http:\/\/www.entriesonline.nl.<\/p>\n<p>Es k\u00f6nnen maximal 3 Squads reserviert werden. Bitte nennen Sie uns das Gewicht Ihres Balls und die Adresse Ihres Proshops, an den der Ball geliefert werden soll. Wenn 1 Monat nach Meldung noch kein Zahlungseingang erfolgt ist, wird sowohl die Ballreservierung als auch der\/die gebuchte(n) Starts storniert.<\/p>\n<p><strong>Startgeld:<\/strong><br \/>Das Startgeld inkl. Bowlingball betr\u00e4gt 160 EUR p. P. und ist bis maximal einen Monat nach Meldung auf folgende Bankverbindung unter Angabe des Teilnehmers sowie Name der Veranstaltung (ONEBALL TOURNAMENT) zu \u00fcberweisen: Kontoinhaber: Marco de Bruijn, IBAN: NL80INGB0000564575.<\/p>\n<p><strong>Startpakete:<\/strong><br \/>1. Ball + 2 Einzelturniere nach Wahl \u20ac 210 (\u20ac 10, &#8211; Rabbatt)<br \/>2. Ball + komplette Tour (3 Einzelturniere) \u20ac 260 (\u20ac 20, &#8211; Rabbatt)<\/p>\n<p><strong>Zugelassenes Material:<\/strong><br \/>Alle Teilnehmer spielen das Turnier ausschlie\u00dflich mit dem zur Verf\u00fcgung gestellten Ball. Die Verteilung der B\u00e4lle wird nach dem Zufallsprinzip vorgenommen, es kann lediglich das Gewicht des Balls gew\u00e4hlt werden. W\u00e4hrend des Turniers k\u00f6nnten \u00dcberpr\u00fcfungen der Seriennummern durchgef\u00fchrt werden. Sollte ein Ball besch\u00e4digt werden, kann er neu gekauft werden, Verf\u00fcgbarkeit vorausgesetzt. Der besch\u00e4digte Ball darf f\u00fcr den restlichen Turnierablauf nicht mehr genutzt werden.<\/p>\n<p><strong>Re-entry:<\/strong><br \/>Es ist maximal ein Re-entry pro Turnier zugelassen. Die Geb\u00fchr betr\u00e4gt zwischen 15 EUR und 25 EUR, abh\u00e4ngig vom Startdatum und muss zusammen mit der Startgeb\u00fchr im Voraus beglichen werden. Sollte ein Spieler seinen Re-entry nicht ben\u00f6tigen, kann er ihn zur\u00fcckgeben und dieser wird durch die Turnierleitung dem ersten wartenden Spieler auf der Warteliste zuerkannt. Es ist nicht gestattet, Re-entries selbst\u00e4ndig zu \u00fcbertragen. Wenn ein gebuchter Re-entry nicht mehr vergeben werden kann, muss er wahrgenommen bzw. die Geb\u00fchr gezahlt werden.<br \/>Wenn ein Re-entry bestritten wird, z\u00e4hlen die h\u00f6chsten 2 Squads (\u00e0 3 Spiele).<br \/>Re-entries k\u00f6nnen in jedem verf\u00fcgbaren Squad gespielt werden.<\/p>\n<p><strong>Finale:<\/strong><\/p>\n<p>36 Spieler qualifizieren sich f\u00fcr die Finalrunde.<br \/>\u2013 Top 24 aus der Vorrunde (Platz 1 &#8211; 24)<br \/>\u2013 Top 5 aus dem 3 block score (Platz 25 &#8211; 29)<br \/>\u2013 Top 3 der h\u00f6chsten Spiele (Platz 30 &#8211; 32)<br \/>\u2013 Top 4 aus den Earlybird-Squads\u00a01-11 (Platz 33 &#8211; 36)<\/p>\n<p><strong>Finale Br\u00fcssel:<\/strong><br \/>Finalrunde 1: Platzierung 21 \u2013 36, spielen 3 Spiele<br \/>Finalrunde 2: Top 8 aus Finalrunde 1 + Platzierung 13 \u2013 20, spielen 3 Spiele<br \/>Finalrunde 3: Top 8 aus Finalrunde 2 + Platzierung 5 \u2013 12, spielen 3 Spiele<br \/>Finalrunde 4: Top 8 aus Finalrunde 3 + Platzierung 1 &#8211; 4, spielen 3 Spiele<br \/>Finalrunde 5: Top 6 aus Finalrunde 4, spielen 2 Spiele<br \/>Finalrunde 6: Top 3 aus Finalrunde 5, spielen 2 Spiele<br \/>Finalrunde 7: Top 3 aus Finalrunde 6, spielen 1 Spiel<\/p>\n<p><strong>Final Den Bosch:<\/strong><br \/>Finalrunde 1: Platzierung 21 &#8211; 36, spielen 2 Spiele<br \/>Finalrunde 2: Top 8 aus Finalrunde 1 + Platzierung 13 \u2013 20, spielen 2 Spiele<br \/>Finalrunde 3: Top 8 aus Finalrunde 2 + Platzierung 5 \u2013 12, spielen 2 Spiele<br \/>Finalrunde 4: Top 8 aus Finalrunde 3 + Platzierung 1 &#8211; 4, spielen 2 Spiele<br \/>Finalrunde 5: Top 6 aus Finalrunde 4 spielen 2 Spiele<br \/>Finalrunde 6: Top 3 aus Finalrunde 5, spielen 1 Spiel<\/p>\n<p><strong>Final Haarlemmerliede:<\/strong><br \/>Finalrunde 1: Platzierung 25 &#8211; 36, spielen 2 Spiele<br \/>Finalrunde 2: Top 6 aus Finalrunde 1 + Platzierung 19 \u2013 24, spielen 2 Spiele<br \/>Finalrunde 3: Top 6 aus Finalrunde 2 + Platzierung 13 \u2013 18, spielen 2 Spiele<br \/>Finalrunde 4: Top 6 aus Finalrunde 3 + Platzierung 7 &#8211; 12, spielen 2 Spiele<br \/>Finalrunde 5: Top 6 aus Finalrunde 4 + Platzierung 1 &#8211; 6, spielen 2 Spiele<br \/>Finalrunde 6: Top 6 aus Finalrunde 5, spielen 1 Spiel<br \/>Finalrunde 7: Top 3 aus Finalrunde 6, spielen 1 Spiel<\/p>\n<p><strong>Tour Final:<\/strong><br \/>18 Spieler qualifizieren sich f\u00fcr die Finalrunde.<br \/>Finalrunde 1: Platzierung 7 &#8211; 18 spielen 2 Spiele<br \/>Finalerunde 2: Top 6 aus Finalrunde 1 + Platzierung 1 &#8211; 6, spielen 2 Spiele<br \/>Finalrunde 3: Top 6 aus Finalrunde 2 spielen 2 Spiele<br \/>Finalrunde 4: Top 3 aus Finalrunde 3 spielen 1 Spiel<\/p>\n<p><strong>Gleichstand \/ Unentschieden:<\/strong><br \/>Im Falle eines Gleichstands wird der Spieler mit dem niedrigeren Handicap auf die h\u00f6here Platzierung gesetzt. Sollte auch hier ein Gleichstand bestehen z\u00e4hlt das h\u00f6here letzte Spiel. Bei einem Unentschieden w\u00e4hrend der Finalrunde wird bei gleichem Handicap der weitere Verlauf durch ein Roll Off entschieden.<\/p>\n<p><strong>Unstimmigkeiten:<\/strong><br \/>Bei Unstimmigkeiten die durch keine der dargestellten Regelungen gekl\u00e4rt werden k\u00f6nnen, beh\u00e4lt sich die Turnierleitung eine Entscheidung vor.<\/p>\n<p><strong>Tourpunktewertung:<\/strong><br \/>F\u00fcr jeden Turnierstart werden Tourpunkte vergeben.<br \/>Die Platzierung entspricht den entsprechenden Tourpunkten.<br \/>Nach 3 Turnieren werden die Top 18 mit der niedrigsten Punktzahl mit einer Teilnahme im Tourfinale und einem entsprechenden Preisgeld geehrt.<br \/>F\u00fcr eine Teilnahme am Tourfinale m\u00fcssen 2 von 3 Tunierstarts gespielt werden.<br \/>Bei einer Teilnahme an allen 3 Turnierstarts gehen die beiden besten Platzierungen in die Wertung f\u00fcr das Tourfinale.<\/p>\n","protected":false},"excerpt":{"rendered":"<p>Teilnahmeberechtigung: Einladungsturnier: Startberechtigt ist jedermann. Startorte:Bowling Br\u00fcssel, Belgien vom 4. &#8211; 12. April 2020Bowling Den Bosch, Niederlande vom 3. &#8211; 10. Mai 2020Bowling Haarlemmerliede, Niederlande vom 28. Juni 2020 Modus:Alle Teilnehmer spielen 2 Starts \u00e0 3 Spiele europ\u00e4isch (6 Spiele insgesamt). Der Bahnwechsel erfolgt nach jedem Spiel. HDC: nach Ranglistenschnitt HDC pro Spiel ab 200 0 von 190-199.99 5 von 180-189.99 10 von 170-179.99 15 von 160-169,99 20 bis 159,99 25 Anmeldung:Anmeldungen sind online durchzuf\u00fchren unter: http:\/\/www.entriesonline.nl. Es k\u00f6nnen maximal&#8230;<\/p>\n<p class=\"read-more\"><a class=\"btn btn-default\" href=\"https:\/\/www.oneball.nl\/de\/reglementen\/\">Weiterlesen<span class=\"screen-reader-text\"> Weiterlesen<\/span><\/a><\/p>\n","protected":false},"author":2,"featured_media":0,"parent":0,"menu_order":0,"comment_status":"closed","ping_status":"closed","template":"","meta":{"footnotes":""},"class_list":["post-30","page","type-page","status-publish","hentry"],"translation":{"provider":"WPGlobus","version":"3.0.0","language":"de","enabled_languages":["nl","en","de","fr"],"languages":{"nl":{"title":true,"content":true,"excerpt":false},"en":{"title":true,"content":true,"excerpt":false},"de":{"title":true,"content":true,"excerpt":false},"fr":{"title":true,"content":true,"excerpt":false}}},"_links":{"self":[{"href":"https:\/\/www.oneball.nl\/de\/wp-json\/wp\/v2\/pages\/30","targetHints":{"allow":["GET"]}}],"collection":[{"href":"https:\/\/www.oneball.nl\/de\/wp-json\/wp\/v2\/pages"}],"about":[{"href":"https:\/\/www.oneball.nl\/de\/wp-json\/wp\/v2\/types\/page"}],"author":[{"embeddable":true,"href":"https:\/\/www.oneball.nl\/de\/wp-json\/wp\/v2\/users\/2"}],"replies":[{"embeddable":true,"href":"https:\/\/www.oneball.nl\/de\/wp-json\/wp\/v2\/comments?post=30"}],"version-history":[{"count":95,"href":"https:\/\/www.oneball.nl\/de\/wp-json\/wp\/v2\/pages\/30\/revisions"}],"predecessor-version":[{"id":2704,"href":"https:\/\/www.oneball.nl\/de\/wp-json\/wp\/v2\/pages\/30\/revisions\/2704"}],"wp:attachment":[{"href":"https:\/\/www.oneball.nl\/de\/wp-json\/wp\/v2\/media?parent=30"}],"curies":[{"name":"wp","href":"https:\/\/api.w.org\/{rel}","templated":true}]}}