{"id":30,"date":"2015-05-23T21:40:30","date_gmt":"2015-05-23T21:40:30","guid":{"rendered":"http:\/\/www.oneball.nl\/?page_id=30"},"modified":"2025-07-06T12:04:39","modified_gmt":"2025-07-06T12:04:39","slug":"reglementen","status":"publish","type":"page","link":"https:\/\/www.oneball.nl\/fr\/reglementen\/","title":{"rendered":"R\u00e8glement 2020"},"content":{"rendered":"<p>Le One Ball Tournament est une s\u00e9rie de tournois o\u00f9 tous les participants jouent avec la m\u00eame boule.<\/p>\n<p><strong>Participation :<\/strong><br \/>Le tournoi est ouvert \u00e0 tous.<\/p>\n<p><strong>Lieux\u00a0:<\/strong><br \/>Bowlmaster Bruxelles (Belgique) du\u00a03 au 10 juin\u00a02018<br \/>Bowltreff Recklinghausen (Allemagne) du 1\u00a0au 8 juillet 2018<br \/>Euro Bowling Deurne (Belgique) du\u00a08 au 15 juillet 2018<br \/>Bowling De Zoete Inval, Haarlemmerliede (Pays-Bas) du\u00a016\u00a0au\u00a028 ao\u00fbt\u00a02018<\/p>\n<p><strong>Format :<br \/><\/strong>Tous les participants jouent 2 blocs de 3 jeux (6 jeux au total) en syst\u00e8me europ\u00e9en avec changement de piste apr\u00e8s chaque partie. Un re-entry d&rsquo;un bloc de 3 jeux est autoris\u00e9.<\/p>\n<p><strong>Bonus :<\/strong><\/p>\n<table style=\"height: 182px;\" width=\"294\">\n<tbody>\n<tr>\n<td>Moyenne<\/td>\n<td>Bonus par partie<\/td>\n<\/tr>\n<tr>\n<td>200 ou plus<\/td>\n<td>0<\/td>\n<\/tr>\n<tr>\n<td>190-199,99<\/td>\n<td>5<\/td>\n<\/tr>\n<tr>\n<td>180-189,99<\/td>\n<td>10<\/td>\n<\/tr>\n<tr>\n<td>170-179,99<\/td>\n<td>15<\/td>\n<\/tr>\n<tr>\n<td>160-169,99<\/td>\n<td>20<\/td>\n<\/tr>\n<tr>\n<td>Moins de\u00a0160<\/td>\n<td>25<\/td>\n<\/tr>\n<\/tbody>\n<\/table>\n<p><strong><br \/>Inscription :<br \/><\/strong>L&rsquo;inscription se fait via notre syst\u00e8me en ligne :\u00a0<a href=\"http:\/\/www.entriesonline.nl\">http:\/\/www.entriesonline.nl<\/a><\/p>\n<p>Un maximum de 3 s\u00e9ries \u00a0peuvent \u00eatre r\u00e9serv\u00e9es. Veuillez mentionner en commentaire le poids d\u00e9sir\u00e9\u00a0de la boule ainsi que le Pro-Shop o\u00f9 la boule doit \u00eatre livr\u00e9e. Si le paiement ne nous parvient pas end\u00e9ans le mois apr\u00e8s inscription, la r\u00e9servation et la livraison de la boule seront annul\u00e9es.<br \/><strong><br \/>Droit d&rsquo;entr\u00e9e :<br \/><\/strong>Le droit d&rsquo;entr\u00e9e pour un tournoi est de 160 \u20ac par participant\u00a0(boule incluse). Ce montant doit \u00eatre pay\u00e9 end\u00e9ans le mois apr\u00e8s inscription par virement bancaire sur le compte suivant :<\/p>\n<p>M. de Bruijn<br \/>NL80INGB0000564575<br \/>(BIC: INGBNL2A)<br \/>Communication : One Ball tournament + Nom du participant<br \/><strong><br \/><\/strong>Le droit d&rsquo;entr\u00e9e pour un tournoi suppl\u00e9mentaire est de 60 \u20ac par participant.<\/p>\n<p><span style=\"color: #999999;\"><strong>Entry packages:<br \/><\/strong><em>Paiement avant le 1er avril 2018<\/em><\/span><br \/><span style=\"color: #999999;\"> 1. Boule\u00a0+ 1 tournoi au choix :\u00a0150 \u20ac (soit 10 \u20ac de remise)<\/span><br \/><span style=\"color: #999999;\"> 2. Boule\u00a0+ 2 tournois\u00a0au choix : 205 \u20ac (soit 15 \u20ac de remise)<\/span><br \/><span style=\"color: #999999;\"> 3. Boule\u00a0+ 3 tournois : 255 \u20ac (soit\u00a025 \u20ac de remise)<\/span><br \/><span style=\"color: #999999;\"> 4. Boule + 4 tournois : 300 \u20ac (soit 30 \u20ac de remise)<\/span><br \/><span style=\"color: #999999;\"> 4. Shirt\u00a0officiel du tournoi\u00a0(avec possibilit\u00e9 d&rsquo;ajouter votre nom) : 32,50 \u20ac<\/span><\/p>\n<p><strong>Mat\u00e9riel :<br \/><\/strong>Chaque participant recevra une boule fournie par l&rsquo;organisation. Toutes les boules seront distribu\u00e9es de mani\u00e8re al\u00e9atoire. Seul le poids de la boule peut \u00eatre choisi. Durant les tournois, des contr\u00f4les des num\u00e9ros de s\u00e9rie pourront\u00a0\u00eatre effectu\u00e9s.<br \/>Dans le cas o\u00f9 une boule serait endommag\u00e9e, une nouvelle boule peut \u00eatre achet\u00e9e si disponible. La boule endommag\u00e9e ne pourra plus \u00eatre utilis\u00e9e dans n&rsquo;importe quel tournoi<\/p>\n<p><strong>Re-entry\u00a0<\/strong>:<br \/>Seul 1 re-entry peut \u00eatre jou\u00e9 par tournoi. Son prix varie entre 15 \u20ac et 25 \u20ac selon la date \u00e0 laquelle il est jou\u00e9. S&rsquo;il est r\u00e9serv\u00e9 \u00e0 l&rsquo;avance, il doit \u00eatre pay\u00e9 avec le montant de l&rsquo;inscription de base. Dans le cas o\u00f9 un joueur veut annuler son re-entry, il se doit d&rsquo;en r\u00e9f\u00e9rer \u00e0 l&rsquo;organisation. La place lib\u00e9r\u00e9e sera attribu\u00e9e au premier joueur sur la liste d&rsquo;attente de la s\u00e9rie correspondante. Les joueurs ne sont pas autoris\u00e9s \u00e0 vendre eux-m\u00eames leur re-entry. Si un re-entry annul\u00e9 ne peut \u00eatre attribu\u00e9 \u00e0 un autre participant, il devra \u00eatre pay\u00e9 \u00e0 l&rsquo;organisation.<br \/>Quand un re-entry est jou\u00e9, les 2 meilleurs blocs de 3 jeux comptent.<br \/>Ils peuvent \u00eatre jou\u00e9s dans chaque s\u00e9rie.<\/p>\n<p><strong>Finalistes :<\/strong><br \/>36 joueurs se qualifient pour les phases finales :<br \/>\u2013 Top 24\u00a0du classement g\u00e9n\u00e9ral (positionn\u00e9s 1-24)<\/p>\n<p>Et non class\u00e9s dans le classement g\u00e9n\u00e9ral :<br \/>\u2013 Top 5 des meilleurs blocs de 3 jeux (positionn\u00e9s 25-29)<br \/>\u2013 Top 3\u00a0des meilleures parties (positionn\u00e9s 30-32)<br \/>\u2013 Top 4 \u00ab\u00a0Early Bird\u00a0\u00bb (positionn\u00e9s 33-36) (S\u00e9ries jou\u00e9es jusqu&rsquo;au mercredi inclus)<\/p>\n<p><strong>Finale Bruxelles :<\/strong><br \/>Step 1 : #21 \u00e0 #36 jouent 3 jeux<br \/>Step 2 : Top 8 du Step 1 + #13 \u00e0 #20 jouent 3 jeux<br \/>Step 3 :\u00a0Top 8 du Step 2 + #5 \u00e0 #12 jouent 3 jeux<br \/>Step 4 :\u00a0Top 8 du Step 3 + #1 \u00e0 #4 jouent 3 jeux<br \/>Step 5 : Top 6 du Step 4 jouent 2 jeux<br \/>Step 6 : Top 3 du Step 5 jouent 2 jeux<\/p>\n<p><strong>Finale Recklinghausen :<\/strong><br \/>Step 1 : #25 \u00e0 #36 jouent 2 jeux<br \/>Step 2 : Top 6 du Step 1 + #19 \u00e0 #24 jouent 2 jeux<br \/>Step 3 :\u00a0Top 6 du Step 2 + #13 \u00e0 #18 jouent 2 jeux<br \/>Step 4 :\u00a0Top 6\u00a0du Step 3 + #7 \u00e0 #12 jouent 2 jeux<br \/>Step 5 : Top 6\u00a0du Step 4 + #1 \u00e0 #6 jouent 2 jeux<br \/>Step 6 : Top 6 du Step 5 jouent 1 jeu<br \/>Step 7 : Top 3 du Step 6 jouent 1 jeu<\/p>\n<p><strong>Finale Euro Bowling Deurne :<\/strong><br \/>Step 1 : #25 \u00e0 #36 jouent 2 jeux<br \/>Step 2 : Top 6 du Step 1 + #19 \u00e0 #24 jouent 2 jeux<br \/>Step 3 :\u00a0Top 6 du Step 2 + #13 \u00e0 #18 jouent 2 jeux<br \/>Step 4 :\u00a0Top 6\u00a0du Step 3 + #7 \u00e0 #12 jouent 2 jeux<br \/>Step 5 : Top 6\u00a0du Step 4 + #1 \u00e0 #6 jouent 2 jeux<br \/>Step 6 : Top 6 du Step 5 jouent 1 jeu<br \/>Step 7 : Top 3 du Step 6 jouent 1 jeu<\/p>\n<p><strong>Finale Haarlemmerliede\u00a0:<\/strong><br \/>Step 1 : #25 \u00e0 #36 jouent 2 jeux<br \/>Step 2 : Top 6 du Step 1 + #19 \u00e0 #24 jouent 2 jeux<br \/>Step 3 :\u00a0Top 6 du Step 2 + #13 \u00e0 #18 jouent 2 jeux<br \/>Step 4 :\u00a0Top 6\u00a0du Step 3 + #7 \u00e0 #12 jouent 2 jeux<br \/>Step 5 : Top 6\u00a0du Step 4 + #1 \u00e0 #6 jouent 2 jeux<br \/>Step 6 : Top 6 du Step 5 jouent 1 jeu<br \/>Step 7 : Top 3 du Step 6 jouent 1 jeu<br \/><strong><br \/>Ex-aequo:<br \/><\/strong>En cas d&rsquo;\u00e9galit\u00e9, le joueur avec le plus petit bonus sera le plus haut class\u00e9. Si une \u00e9galit\u00e9 persiste, le joueur ayant le meilleur dernier jeu sera le plus haut class\u00e9, etc&#8230;<br \/>Durant les finales, un roll-off d&rsquo;une boule sera jou\u00e9 dans le cas o\u00f9 les 2 joueurs ont le m\u00eame bonus.<\/p>\n<p><strong>Plaintes :<\/strong><br \/>Dans le cas o\u00f9 les r\u00e8glements devraient diff\u00e9rer, le r\u00e8glement en n\u00e9erlandais est prioritaire.<br \/>S&rsquo;il devait survenir un cas non pr\u00e9vu par ce r\u00e8glement, l&rsquo;organisation se r\u00e9serve le droit de prendre une d\u00e9cision.<\/p>\n<p><strong>Tour points\u00a0:<br \/><\/strong>Apr\u00e8s chaque tournoi, des points sont attribu\u00e9s aux participants. Le classement final d\u00e9termine le nombre de points gagn\u00e9s.<br \/>Exemple : Le gagnant prend 1 point, le deuxi\u00e8me 2 points, etc&#8230;<br \/>Apr\u00e8s les\u00a04 tournois, il y aura une finale suppl\u00e9mentaire pour les 18 meilleurs joueurs.<br \/>Afin de pouvoir participer \u00e0 cette finale, un minimum de 2 tournois doivent \u00eatre jou\u00e9s. Si un joueur participe aux 3 tournois, ses 2 meilleurs classements seront pris en compte.<\/p>\n<p><strong>Pour plus d&rsquo;informations\u00a0:<br \/><\/strong>Marco de Bruijn (NL\/EN) 06 45 59 82 59<br \/>Christelle Piccoli (FR\/NL\/EN)<br \/>Mats Maggi (FR\/EN)<br \/>Dirk Dreyer (DE)<\/p>\n<p>Ou envoyez un message sur notre <a href=\"https:\/\/www.facebook.com\/One-Ball-Tournament-1606961502849158\/\">page Facebook\u00a0<\/a><\/p>\n","protected":false},"excerpt":{"rendered":"<p>Le One Ball Tournament est une s\u00e9rie de tournois o\u00f9 tous les participants jouent avec la m\u00eame boule. Participation :Le tournoi est ouvert \u00e0 tous. Lieux\u00a0:Bowlmaster Bruxelles (Belgique) du\u00a03 au 10 juin\u00a02018Bowltreff Recklinghausen (Allemagne) du 1\u00a0au 8 juillet 2018Euro Bowling Deurne (Belgique) du\u00a08 au 15 juillet 2018Bowling De Zoete Inval, Haarlemmerliede (Pays-Bas) du\u00a016\u00a0au\u00a028 ao\u00fbt\u00a02018 Format :Tous les participants jouent 2 blocs de 3 jeux (6 jeux au total) en syst\u00e8me europ\u00e9en avec changement de piste apr\u00e8s chaque partie. Un re-entry&#8230;<\/p>\n<p class=\"read-more\"><a class=\"btn btn-default\" href=\"https:\/\/www.oneball.nl\/fr\/reglementen\/\">Lire la suite<span class=\"screen-reader-text\"> Lire la suite<\/span><\/a><\/p>\n","protected":false},"author":2,"featured_media":0,"parent":0,"menu_order":0,"comment_status":"closed","ping_status":"closed","template":"","meta":{"footnotes":""},"class_list":["post-30","page","type-page","status-publish","hentry"],"translation":{"provider":"WPGlobus","version":"3.0.0","language":"fr","enabled_languages":["nl","en","de","fr"],"languages":{"nl":{"title":true,"content":true,"excerpt":false},"en":{"title":true,"content":true,"excerpt":false},"de":{"title":true,"content":true,"excerpt":false},"fr":{"title":true,"content":true,"excerpt":false}}},"_links":{"self":[{"href":"https:\/\/www.oneball.nl\/fr\/wp-json\/wp\/v2\/pages\/30","targetHints":{"allow":["GET"]}}],"collection":[{"href":"https:\/\/www.oneball.nl\/fr\/wp-json\/wp\/v2\/pages"}],"about":[{"href":"https:\/\/www.oneball.nl\/fr\/wp-json\/wp\/v2\/types\/page"}],"author":[{"embeddable":true,"href":"https:\/\/www.oneball.nl\/fr\/wp-json\/wp\/v2\/users\/2"}],"replies":[{"embeddable":true,"href":"https:\/\/www.oneball.nl\/fr\/wp-json\/wp\/v2\/comments?post=30"}],"version-history":[{"count":95,"href":"https:\/\/www.oneball.nl\/fr\/wp-json\/wp\/v2\/pages\/30\/revisions"}],"predecessor-version":[{"id":2704,"href":"https:\/\/www.oneball.nl\/fr\/wp-json\/wp\/v2\/pages\/30\/revisions\/2704"}],"wp:attachment":[{"href":"https:\/\/www.oneball.nl\/fr\/wp-json\/wp\/v2\/media?parent=30"}],"curies":[{"name":"wp","href":"https:\/\/api.w.org\/{rel}","templated":true}]}}